{"id":334,"date":"2022-05-29T13:52:31","date_gmt":"2022-05-29T11:52:31","guid":{"rendered":"https:\/\/laplayaparadise.com\/potwierdzenie-rejestracji\/rezerwacja-otrzymana\/"},"modified":"2022-12-20T19:09:01","modified_gmt":"2022-12-20T18:09:01","slug":"rezerwacja-otrzymana","status":"publish","type":"page","link":"https:\/\/laplayaparadise.com\/pl\/potwierdzenie-rejestracji\/rezerwacja-otrzymana\/","title":{"rendered":"Rezerwacja otrzymana"},"content":{"rendered":"\t\t<div data-elementor-type=\"wp-page\" data-elementor-id=\"334\" class=\"elementor elementor-334\">\n\t\t\t\t\t\t\t\t\t<section class=\"elementor-section elementor-top-section elementor-element elementor-element-cd093b7 elementor-section-height-min-height elementor-section-boxed elementor-section-height-default elementor-section-items-middle\" data-id=\"cd093b7\" data-element_type=\"section\" data-settings=\"{&quot;background_background&quot;:&quot;classic&quot;}\">\n\t\t\t\t\t\t\t<div class=\"elementor-background-overlay\"><\/div>\n\t\t\t\t\t\t\t<div class=\"elementor-container elementor-column-gap-default\">\n\t\t\t\t\t<div class=\"elementor-column elementor-col-100 elementor-top-column elementor-element elementor-element-a8ac9cb\" data-id=\"a8ac9cb\" data-element_type=\"column\">\n\t\t\t<div class=\"elementor-widget-wrap elementor-element-populated\">\n\t\t\t\t\t\t\t\t<div class=\"elementor-element elementor-element-1727384 elementor-widget elementor-widget-heading\" data-id=\"1727384\" data-element_type=\"widget\" data-widget_type=\"heading.default\">\n\t\t\t\t<div class=\"elementor-widget-container\">\n\t\t\t<style>\/*! elementor - v3.7.0 - 08-08-2022 *\/\n.elementor-heading-title{padding:0;margin:0;line-height:1}.elementor-widget-heading .elementor-heading-title[class*=elementor-size-]>a{color:inherit;font-size:inherit;line-height:inherit}.elementor-widget-heading .elementor-heading-title.elementor-size-small{font-size:15px}.elementor-widget-heading .elementor-heading-title.elementor-size-medium{font-size:19px}.elementor-widget-heading .elementor-heading-title.elementor-size-large{font-size:29px}.elementor-widget-heading .elementor-heading-title.elementor-size-xl{font-size:39px}.elementor-widget-heading .elementor-heading-title.elementor-size-xxl{font-size:59px}<\/style><h1 class=\"elementor-heading-title elementor-size-default\">Rezerwacja Otrzymana<\/h1>\t\t<\/div>\n\t\t\t\t<\/div>\n\t\t\t\t<div class=\"elementor-element elementor-element-f53c5cf elementor-widget-divider--view-line elementor-invisible elementor-widget elementor-widget-divider\" data-id=\"f53c5cf\" data-element_type=\"widget\" data-settings=\"{&quot;_animation&quot;:&quot;fadeIn&quot;,&quot;_animation_delay&quot;:200}\" data-widget_type=\"divider.default\">\n\t\t\t\t<div class=\"elementor-widget-container\">\n\t\t\t<style>\/*! elementor - v3.7.0 - 08-08-2022 *\/\n.elementor-widget-divider{--divider-border-style:none;--divider-border-width:1px;--divider-color:#2c2c2c;--divider-icon-size:20px;--divider-element-spacing:10px;--divider-pattern-height:24px;--divider-pattern-size:20px;--divider-pattern-url:none;--divider-pattern-repeat:repeat-x}.elementor-widget-divider .elementor-divider{display:-webkit-box;display:-ms-flexbox;display:flex}.elementor-widget-divider .elementor-divider__text{font-size:15px;line-height:1;max-width:95%}.elementor-widget-divider .elementor-divider__element{margin:0 var(--divider-element-spacing);-ms-flex-negative:0;flex-shrink:0}.elementor-widget-divider .elementor-icon{font-size:var(--divider-icon-size)}.elementor-widget-divider .elementor-divider-separator{display:-webkit-box;display:-ms-flexbox;display:flex;margin:0;direction:ltr}.elementor-widget-divider--view-line_icon .elementor-divider-separator,.elementor-widget-divider--view-line_text .elementor-divider-separator{-webkit-box-align:center;-ms-flex-align:center;align-items:center}.elementor-widget-divider--view-line_icon .elementor-divider-separator:after,.elementor-widget-divider--view-line_icon .elementor-divider-separator:before,.elementor-widget-divider--view-line_text .elementor-divider-separator:after,.elementor-widget-divider--view-line_text .elementor-divider-separator:before{display:block;content:\"\";border-bottom:0;-webkit-box-flex:1;-ms-flex-positive:1;flex-grow:1;border-top:var(--divider-border-width) var(--divider-border-style) var(--divider-color)}.elementor-widget-divider--element-align-left .elementor-divider .elementor-divider-separator>.elementor-divider__svg:first-of-type{-webkit-box-flex:0;-ms-flex-positive:0;flex-grow:0;-ms-flex-negative:100;flex-shrink:100}.elementor-widget-divider--element-align-left .elementor-divider-separator:before{content:none}.elementor-widget-divider--element-align-left .elementor-divider__element{margin-left:0}.elementor-widget-divider--element-align-right .elementor-divider .elementor-divider-separator>.elementor-divider__svg:last-of-type{-webkit-box-flex:0;-ms-flex-positive:0;flex-grow:0;-ms-flex-negative:100;flex-shrink:100}.elementor-widget-divider--element-align-right .elementor-divider-separator:after{content:none}.elementor-widget-divider--element-align-right .elementor-divider__element{margin-right:0}.elementor-widget-divider:not(.elementor-widget-divider--view-line_text):not(.elementor-widget-divider--view-line_icon) .elementor-divider-separator{border-top:var(--divider-border-width) var(--divider-border-style) var(--divider-color)}.elementor-widget-divider--separator-type-pattern{--divider-border-style:none}.elementor-widget-divider--separator-type-pattern.elementor-widget-divider--view-line .elementor-divider-separator,.elementor-widget-divider--separator-type-pattern:not(.elementor-widget-divider--view-line) .elementor-divider-separator:after,.elementor-widget-divider--separator-type-pattern:not(.elementor-widget-divider--view-line) .elementor-divider-separator:before,.elementor-widget-divider--separator-type-pattern:not([class*=elementor-widget-divider--view]) .elementor-divider-separator{width:100%;min-height:var(--divider-pattern-height);-webkit-mask-size:var(--divider-pattern-size) 100%;mask-size:var(--divider-pattern-size) 100%;-webkit-mask-repeat:var(--divider-pattern-repeat);mask-repeat:var(--divider-pattern-repeat);background-color:var(--divider-color);-webkit-mask-image:var(--divider-pattern-url);mask-image:var(--divider-pattern-url)}.elementor-widget-divider--no-spacing{--divider-pattern-size:auto}.elementor-widget-divider--bg-round{--divider-pattern-repeat:round}.rtl .elementor-widget-divider .elementor-divider__text{direction:rtl}.e-container>.elementor-widget-divider{width:var(--container-widget-width,100%);-webkit-box-flex:1;-ms-flex-positive:1;flex-grow:1}<\/style>\t\t<div class=\"elementor-divider\">\n\t\t\t<span class=\"elementor-divider-separator\">\n\t\t\t\t\t\t<\/span>\n\t\t<\/div>\n\t\t\t\t<\/div>\n\t\t\t\t<\/div>\n\t\t\t\t\t<\/div>\n\t\t<\/div>\n\t\t\t\t\t\t\t<\/div>\n\t\t<\/section>\n\t\t\t\t<section class=\"elementor-section elementor-top-section elementor-element elementor-element-1bb7f95d elementor-section-boxed elementor-section-height-default elementor-section-height-default\" data-id=\"1bb7f95d\" data-element_type=\"section\">\n\t\t\t\t\t\t<div class=\"elementor-container elementor-column-gap-default\">\n\t\t\t\t\t<div class=\"elementor-column elementor-col-100 elementor-top-column elementor-element elementor-element-3e711e55\" data-id=\"3e711e55\" data-element_type=\"column\">\n\t\t\t<div class=\"elementor-widget-wrap elementor-element-populated\">\n\t\t\t\t\t\t\t\t<div class=\"elementor-element elementor-element-538ce762 elementor-widget elementor-widget-shortcode\" data-id=\"538ce762\" data-element_type=\"widget\" data-widget_type=\"shortcode.default\">\n\t\t\t\t<div class=\"elementor-widget-container\">\n\t\t\t\t\t<div class=\"elementor-shortcode\"><div class=\"mphb_sc_booking_confirmation\"><\/div><\/div>\n\t\t\t\t<\/div>\n\t\t\t\t<\/div>\n\t\t\t\t\t<\/div>\n\t\t<\/div>\n\t\t\t\t\t\t\t<\/div>\n\t\t<\/section>\n\t\t\t\t<section class=\"elementor-section elementor-top-section elementor-element elementor-element-082ab26 elementor-section-boxed elementor-section-height-default elementor-section-height-default\" data-id=\"082ab26\" data-element_type=\"section\">\n\t\t\t\t\t\t<div class=\"elementor-container elementor-column-gap-default\">\n\t\t\t\t\t<div class=\"elementor-column elementor-col-100 elementor-top-column elementor-element elementor-element-90365d9\" data-id=\"90365d9\" data-element_type=\"column\">\n\t\t\t<div class=\"elementor-widget-wrap elementor-element-populated\">\n\t\t\t\t\t\t\t\t<div class=\"elementor-element elementor-element-e450c5d elementor-widget elementor-widget-text-editor\" data-id=\"e450c5d\" data-element_type=\"widget\" data-widget_type=\"text-editor.default\">\n\t\t\t\t<div class=\"elementor-widget-container\">\n\t\t\t<style>\/*! elementor - v3.7.0 - 08-08-2022 *\/\n.elementor-widget-text-editor.elementor-drop-cap-view-stacked .elementor-drop-cap{background-color:#818a91;color:#fff}.elementor-widget-text-editor.elementor-drop-cap-view-framed .elementor-drop-cap{color:#818a91;border:3px solid;background-color:transparent}.elementor-widget-text-editor:not(.elementor-drop-cap-view-default) .elementor-drop-cap{margin-top:8px}.elementor-widget-text-editor:not(.elementor-drop-cap-view-default) .elementor-drop-cap-letter{width:1em;height:1em}.elementor-widget-text-editor .elementor-drop-cap{float:left;text-align:center;line-height:1;font-size:50px}.elementor-widget-text-editor .elementor-drop-cap-letter{display:inline-block}<\/style>\t\t\t\t<p><b>WA\u017bNA INFORMACJA<\/b><\/p>\n<p>Masz obowi\u0105zek zap\u0142aty <b>10%<\/b> depozytu liczonego od ca\u0142ej kwoty do zap\u0142aty. Czas na op\u0142acenie depozytu to <b>24 godziny<\/b>&nbsp;od czasu rezerwacji. Depozyt musi zosta\u0107 op\u0142acony w formie przelewu bankowego. <u>Warto\u015b\u0107 depozytu do zap\u0142aty podana jest w zak\u0142adce <\/u><b style=\"text-decoration-line: underline;\">Szczeg\u00f3\u0142y P\u0142atno\u015bci<\/b><u> a nast\u0119pnie <b>R<\/b><b>azem.<\/b><\/u><\/p>\t\t\t\t\t\t<\/div>\n\t\t\t\t<\/div>\n\t\t\t\t<section class=\"elementor-section elementor-inner-section elementor-element elementor-element-35d9110 elementor-section-boxed elementor-section-height-default elementor-section-height-default\" data-id=\"35d9110\" data-element_type=\"section\">\n\t\t\t\t\t\t<div class=\"elementor-container elementor-column-gap-default\">\n\t\t\t\t\t<div class=\"elementor-column elementor-col-50 elementor-inner-column elementor-element elementor-element-61ac5e1\" data-id=\"61ac5e1\" data-element_type=\"column\">\n\t\t\t<div class=\"elementor-widget-wrap elementor-element-populated\">\n\t\t\t\t\t\t\t\t<div class=\"elementor-element elementor-element-a805af9 elementor-widget elementor-widget-text-editor\" data-id=\"a805af9\" data-element_type=\"widget\" data-widget_type=\"text-editor.default\">\n\t\t\t\t<div class=\"elementor-widget-container\">\n\t\t\t\t\t\t\t<p><b>Szczeg\u00f3\u0142y konta w USD<\/b><\/p><p><b>Nazwa konta:<\/b> LAPLAYA PARADISE (SMC-PRIVATE) LIMITED<br \/><b>Adres: <\/b>Tanzania, Zanzibar, Pwani Mchanghani<br \/><b>Numer konta USD:<\/b> 0150024386<br \/><b>Nazwa Banku: <\/b>Exim Bank (T) Lt<br \/><b>Kod BRANCH:<\/b> 015<br \/><b>Kod SWIFT:<\/b> EXTNTZTZ<\/p>\t\t\t\t\t\t<\/div>\n\t\t\t\t<\/div>\n\t\t\t\t\t<\/div>\n\t\t<\/div>\n\t\t\t\t<div class=\"elementor-column elementor-col-50 elementor-inner-column elementor-element elementor-element-c3c2b45\" data-id=\"c3c2b45\" data-element_type=\"column\">\n\t\t\t<div class=\"elementor-widget-wrap elementor-element-populated\">\n\t\t\t\t\t\t\t\t<div class=\"elementor-element elementor-element-963ee77 elementor-widget elementor-widget-text-editor\" data-id=\"963ee77\" data-element_type=\"widget\" data-widget_type=\"text-editor.default\">\n\t\t\t\t<div class=\"elementor-widget-container\">\n\t\t\t\t\t\t\t<p style=\"font-variant-ligatures: normal; font-variant-caps: normal; font-family: 'Open Sans', sans-serif; font-size: 14px; font-style: normal; font-weight: 400;\"><span style=\"font-size: 14px; font-weight: bold;\">Szczeg\u00f3\u0142y konta w TZS<\/span><\/p><p><span style=\"font-family: 'Open Sans', sans-serif; font-size: 14px; font-style: normal; font-variant-ligatures: normal; font-variant-caps: normal; font-weight: bold;\">Nazwa konta<\/span><b>:<\/b> LAPLAYA PARADISE (SMC-PRIVATE) LIMITED<br \/><span style=\"font-variant-ligatures: normal; font-variant-caps: normal; font-family: 'Open Sans', sans-serif; font-size: 14px; font-style: normal; font-weight: bold;\">Adres:\u00a0<\/span><span style=\"font-family: 'Open Sans', sans-serif; font-size: 14px; font-style: normal; font-variant-ligatures: normal; font-variant-caps: normal; font-weight: 400;\">Tanzania, Zanzibar, Pwani Mchanghani<\/span><br \/><span style=\"font-variant-ligatures: normal; font-variant-caps: normal; font-family: 'Open Sans', sans-serif; font-size: 14px; font-style: normal; font-weight: bold;\">Numer konta<\/span><b>\u00a0TZS:<\/b> 0150024385<br \/><span style=\"font-variant-ligatures: normal; font-variant-caps: normal; font-family: 'Open Sans', sans-serif; font-size: 14px; font-style: normal; font-weight: bold;\">Nazwa Banku<\/span><b>: <\/b>Exim Bank (T) Ltd<br \/><span style=\"font-variant-ligatures: normal; font-variant-caps: normal; font-family: 'Open Sans', sans-serif; font-size: 14px; font-style: normal; font-weight: bold;\">Kod BRANCH<\/span><b>:<\/b> 015<br \/><span style=\"font-variant-ligatures: normal; font-variant-caps: normal; font-family: 'Open Sans', sans-serif; font-size: 14px; font-style: normal; font-weight: bold;\">Kod SWIFT<\/span><b>:<\/b> EXTNTZTZ<\/p>\t\t\t\t\t\t<\/div>\n\t\t\t\t<\/div>\n\t\t\t\t\t<\/div>\n\t\t<\/div>\n\t\t\t\t\t\t\t<\/div>\n\t\t<\/section>\n\t\t\t\t\t<\/div>\n\t\t<\/div>\n\t\t\t\t\t\t\t<\/div>\n\t\t<\/section>\n\t\t\t\t\t\t\t<\/div>\n\t\t","protected":false},"excerpt":{"rendered":"<p>Rezerwacja Otrzymana WA\u017bNA INFORMACJA Masz obowi\u0105zek zap\u0142aty 10% depozytu liczonego od ca\u0142ej kwoty do zap\u0142aty. Czas na op\u0142acenie depozytu to 24 godziny&nbsp;od czasu rezerwacji. Depozyt musi zosta\u0107 op\u0142acony w formie przelewu bankowego. Warto\u015b\u0107 depozytu do zap\u0142aty podana jest w zak\u0142adce Szczeg\u00f3\u0142y P\u0142atno\u015bci a nast\u0119pnie Razem. Szczeg\u00f3\u0142y konta w USD Nazwa konta: LAPLAYA PARADISE (SMC-PRIVATE) LIMITEDAdres: [&hellip;]<\/p>\n","protected":false},"author":1,"featured_media":0,"parent":331,"menu_order":0,"comment_status":"closed","ping_status":"closed","template":"","meta":{"footnotes":""},"class_list":["post-334","page","type-page","status-publish","hentry","entry"],"yoast_head":"<!-- This site is optimized with the Yoast SEO plugin v19.1 - https:\/\/yoast.com\/wordpress\/plugins\/seo\/ -->\n<title>Rezerwacja otrzymana - La Playa Paradise<\/title>\n<meta name=\"robots\" content=\"index, follow, max-snippet:-1, max-image-preview:large, max-video-preview:-1\" \/>\n<link rel=\"canonical\" href=\"https:\/\/laplayaparadise.com\/pl\/potwierdzenie-rejestracji\/rezerwacja-otrzymana\/\" \/>\n<meta property=\"og:locale\" content=\"pl_PL\" \/>\n<meta property=\"og:type\" content=\"article\" \/>\n<meta property=\"og:title\" content=\"Rezerwacja otrzymana - La Playa Paradise\" \/>\n<meta property=\"og:description\" content=\"Rezerwacja Otrzymana WA\u017bNA INFORMACJA Masz obowi\u0105zek zap\u0142aty 10% depozytu liczonego od ca\u0142ej kwoty do zap\u0142aty. Czas na op\u0142acenie depozytu to 24 godziny&nbsp;od czasu rezerwacji. Depozyt musi zosta\u0107 op\u0142acony w formie przelewu bankowego. Warto\u015b\u0107 depozytu do zap\u0142aty podana jest w zak\u0142adce Szczeg\u00f3\u0142y P\u0142atno\u015bci a nast\u0119pnie Razem. Szczeg\u00f3\u0142y konta w USD Nazwa konta: LAPLAYA PARADISE (SMC-PRIVATE) LIMITEDAdres: [&hellip;]\" \/>\n<meta property=\"og:url\" content=\"https:\/\/laplayaparadise.com\/pl\/potwierdzenie-rejestracji\/rezerwacja-otrzymana\/\" \/>\n<meta property=\"og:site_name\" content=\"La Playa Paradise\" \/>\n<meta property=\"article:modified_time\" content=\"2022-12-20T18:09:01+00:00\" \/>\n<meta name=\"twitter:card\" content=\"summary_large_image\" \/>\n<meta name=\"twitter:label1\" content=\"Szacowany czas czytania\" \/>\n\t<meta name=\"twitter:data1\" content=\"1 minuta\" \/>\n<script type=\"application\/ld+json\" class=\"yoast-schema-graph\">{\"@context\":\"https:\/\/schema.org\",\"@graph\":[{\"@type\":\"WebSite\",\"@id\":\"https:\/\/laplayaparadise.com\/#website\",\"url\":\"https:\/\/laplayaparadise.com\/\",\"name\":\"La Playa Paradise\",\"description\":\"Zanzibar Hotel\",\"potentialAction\":[{\"@type\":\"SearchAction\",\"target\":{\"@type\":\"EntryPoint\",\"urlTemplate\":\"https:\/\/laplayaparadise.com\/?s={search_term_string}\"},\"query-input\":\"required name=search_term_string\"}],\"inLanguage\":\"pl-PL\"},{\"@type\":\"WebPage\",\"@id\":\"https:\/\/laplayaparadise.com\/pl\/potwierdzenie-rejestracji\/rezerwacja-otrzymana\/#webpage\",\"url\":\"https:\/\/laplayaparadise.com\/pl\/potwierdzenie-rejestracji\/rezerwacja-otrzymana\/\",\"name\":\"Rezerwacja otrzymana - La Playa Paradise\",\"isPartOf\":{\"@id\":\"https:\/\/laplayaparadise.com\/#website\"},\"datePublished\":\"2022-05-29T11:52:31+00:00\",\"dateModified\":\"2022-12-20T18:09:01+00:00\",\"breadcrumb\":{\"@id\":\"https:\/\/laplayaparadise.com\/pl\/potwierdzenie-rejestracji\/rezerwacja-otrzymana\/#breadcrumb\"},\"inLanguage\":\"pl-PL\",\"potentialAction\":[{\"@type\":\"ReadAction\",\"target\":[\"https:\/\/laplayaparadise.com\/pl\/potwierdzenie-rejestracji\/rezerwacja-otrzymana\/\"]}]},{\"@type\":\"BreadcrumbList\",\"@id\":\"https:\/\/laplayaparadise.com\/pl\/potwierdzenie-rejestracji\/rezerwacja-otrzymana\/#breadcrumb\",\"itemListElement\":[{\"@type\":\"ListItem\",\"position\":1,\"name\":\"Strona g\u0142\u00f3wna\",\"item\":\"https:\/\/laplayaparadise.com\/pl\/\"},{\"@type\":\"ListItem\",\"position\":2,\"name\":\"Potwierdzenie rejestracji\",\"item\":\"https:\/\/laplayaparadise.com\/pl\/registration-confirmation\/\"},{\"@type\":\"ListItem\",\"position\":3,\"name\":\"Rezerwacja otrzymana\"}]}]}<\/script>\n<!-- \/ Yoast SEO plugin. -->","yoast_head_json":{"title":"Rezerwacja otrzymana - La Playa Paradise","robots":{"index":"index","follow":"follow","max-snippet":"max-snippet:-1","max-image-preview":"max-image-preview:large","max-video-preview":"max-video-preview:-1"},"canonical":"https:\/\/laplayaparadise.com\/pl\/potwierdzenie-rejestracji\/rezerwacja-otrzymana\/","og_locale":"pl_PL","og_type":"article","og_title":"Rezerwacja otrzymana - La Playa Paradise","og_description":"Rezerwacja Otrzymana WA\u017bNA INFORMACJA Masz obowi\u0105zek zap\u0142aty 10% depozytu liczonego od ca\u0142ej kwoty do zap\u0142aty. Czas na op\u0142acenie depozytu to 24 godziny&nbsp;od czasu rezerwacji. Depozyt musi zosta\u0107 op\u0142acony w formie przelewu bankowego. Warto\u015b\u0107 depozytu do zap\u0142aty podana jest w zak\u0142adce Szczeg\u00f3\u0142y P\u0142atno\u015bci a nast\u0119pnie Razem. Szczeg\u00f3\u0142y konta w USD Nazwa konta: LAPLAYA PARADISE (SMC-PRIVATE) LIMITEDAdres: [&hellip;]","og_url":"https:\/\/laplayaparadise.com\/pl\/potwierdzenie-rejestracji\/rezerwacja-otrzymana\/","og_site_name":"La Playa Paradise","article_modified_time":"2022-12-20T18:09:01+00:00","twitter_card":"summary_large_image","twitter_misc":{"Szacowany czas czytania":"1 minuta"},"schema":{"@context":"https:\/\/schema.org","@graph":[{"@type":"WebSite","@id":"https:\/\/laplayaparadise.com\/#website","url":"https:\/\/laplayaparadise.com\/","name":"La Playa Paradise","description":"Zanzibar Hotel","potentialAction":[{"@type":"SearchAction","target":{"@type":"EntryPoint","urlTemplate":"https:\/\/laplayaparadise.com\/?s={search_term_string}"},"query-input":"required name=search_term_string"}],"inLanguage":"pl-PL"},{"@type":"WebPage","@id":"https:\/\/laplayaparadise.com\/pl\/potwierdzenie-rejestracji\/rezerwacja-otrzymana\/#webpage","url":"https:\/\/laplayaparadise.com\/pl\/potwierdzenie-rejestracji\/rezerwacja-otrzymana\/","name":"Rezerwacja otrzymana - La Playa Paradise","isPartOf":{"@id":"https:\/\/laplayaparadise.com\/#website"},"datePublished":"2022-05-29T11:52:31+00:00","dateModified":"2022-12-20T18:09:01+00:00","breadcrumb":{"@id":"https:\/\/laplayaparadise.com\/pl\/potwierdzenie-rejestracji\/rezerwacja-otrzymana\/#breadcrumb"},"inLanguage":"pl-PL","potentialAction":[{"@type":"ReadAction","target":["https:\/\/laplayaparadise.com\/pl\/potwierdzenie-rejestracji\/rezerwacja-otrzymana\/"]}]},{"@type":"BreadcrumbList","@id":"https:\/\/laplayaparadise.com\/pl\/potwierdzenie-rejestracji\/rezerwacja-otrzymana\/#breadcrumb","itemListElement":[{"@type":"ListItem","position":1,"name":"Strona g\u0142\u00f3wna","item":"https:\/\/laplayaparadise.com\/pl\/"},{"@type":"ListItem","position":2,"name":"Potwierdzenie rejestracji","item":"https:\/\/laplayaparadise.com\/pl\/registration-confirmation\/"},{"@type":"ListItem","position":3,"name":"Rezerwacja otrzymana"}]}]}},"_links":{"self":[{"href":"https:\/\/laplayaparadise.com\/pl\/wp-json\/wp\/v2\/pages\/334","targetHints":{"allow":["GET"]}}],"collection":[{"href":"https:\/\/laplayaparadise.com\/pl\/wp-json\/wp\/v2\/pages"}],"about":[{"href":"https:\/\/laplayaparadise.com\/pl\/wp-json\/wp\/v2\/types\/page"}],"author":[{"embeddable":true,"href":"https:\/\/laplayaparadise.com\/pl\/wp-json\/wp\/v2\/users\/1"}],"replies":[{"embeddable":true,"href":"https:\/\/laplayaparadise.com\/pl\/wp-json\/wp\/v2\/comments?post=334"}],"version-history":[{"count":13,"href":"https:\/\/laplayaparadise.com\/pl\/wp-json\/wp\/v2\/pages\/334\/revisions"}],"predecessor-version":[{"id":5396,"href":"https:\/\/laplayaparadise.com\/pl\/wp-json\/wp\/v2\/pages\/334\/revisions\/5396"}],"up":[{"embeddable":true,"href":"https:\/\/laplayaparadise.com\/pl\/wp-json\/wp\/v2\/pages\/331"}],"wp:attachment":[{"href":"https:\/\/laplayaparadise.com\/pl\/wp-json\/wp\/v2\/media?parent=334"}],"curies":[{"name":"wp","href":"https:\/\/api.w.org\/{rel}","templated":true}]}}