{"id":335,"date":"2022-05-29T13:52:31","date_gmt":"2022-05-29T11:52:31","guid":{"rendered":"https:\/\/laplayaparadise.com\/potwierdzenie-rejestracji\/transakcja-nie-powiodla-sie\/"},"modified":"2022-05-29T13:52:31","modified_gmt":"2022-05-29T11:52:31","slug":"transakcja-nie-powiodla-sie","status":"publish","type":"page","link":"https:\/\/laplayaparadise.com\/pl\/potwierdzenie-rejestracji\/transakcja-nie-powiodla-sie\/","title":{"rendered":"Transakcja nie powiod\u0142a si\u0119"},"content":{"rendered":"<p>Niestety, w tej chwili nie mo\u017cna zako\u0144czy\u0107 transakcji. Spr\u00f3buj ponownie lub skontaktuj si\u0119 z nami.<\/p>\n","protected":false},"excerpt":{"rendered":"<p>Niestety, w tej chwili nie mo\u017cna zako\u0144czy\u0107 transakcji. Spr\u00f3buj ponownie lub skontaktuj si\u0119 z nami.<\/p>\n","protected":false},"author":1,"featured_media":0,"parent":331,"menu_order":0,"comment_status":"closed","ping_status":"closed","template":"","meta":{"footnotes":""},"class_list":["post-335","page","type-page","status-publish","hentry","entry"],"yoast_head":"<!-- This site is optimized with the Yoast SEO plugin v19.1 - https:\/\/yoast.com\/wordpress\/plugins\/seo\/ -->\n<title>Transakcja nie powiod\u0142a si\u0119 - La Playa Paradise<\/title>\n<meta name=\"robots\" content=\"index, follow, max-snippet:-1, max-image-preview:large, max-video-preview:-1\" \/>\n<link rel=\"canonical\" href=\"https:\/\/laplayaparadise.com\/pl\/potwierdzenie-rejestracji\/transakcja-nie-powiodla-sie\/\" \/>\n<meta property=\"og:locale\" content=\"pl_PL\" \/>\n<meta property=\"og:type\" content=\"article\" \/>\n<meta property=\"og:title\" content=\"Transakcja nie powiod\u0142a si\u0119 - La Playa Paradise\" \/>\n<meta property=\"og:description\" content=\"Niestety, w tej chwili nie mo\u017cna zako\u0144czy\u0107 transakcji. Spr\u00f3buj ponownie lub skontaktuj si\u0119 z nami.\" \/>\n<meta property=\"og:url\" content=\"https:\/\/laplayaparadise.com\/pl\/potwierdzenie-rejestracji\/transakcja-nie-powiodla-sie\/\" \/>\n<meta property=\"og:site_name\" content=\"La Playa Paradise\" \/>\n<meta name=\"twitter:card\" content=\"summary_large_image\" \/>\n<script type=\"application\/ld+json\" class=\"yoast-schema-graph\">{\"@context\":\"https:\/\/schema.org\",\"@graph\":[{\"@type\":\"WebSite\",\"@id\":\"https:\/\/laplayaparadise.com\/#website\",\"url\":\"https:\/\/laplayaparadise.com\/\",\"name\":\"La Playa Paradise\",\"description\":\"Zanzibar Hotel\",\"potentialAction\":[{\"@type\":\"SearchAction\",\"target\":{\"@type\":\"EntryPoint\",\"urlTemplate\":\"https:\/\/laplayaparadise.com\/?s={search_term_string}\"},\"query-input\":\"required name=search_term_string\"}],\"inLanguage\":\"pl-PL\"},{\"@type\":\"WebPage\",\"@id\":\"https:\/\/laplayaparadise.com\/pl\/potwierdzenie-rejestracji\/transakcja-nie-powiodla-sie\/#webpage\",\"url\":\"https:\/\/laplayaparadise.com\/pl\/potwierdzenie-rejestracji\/transakcja-nie-powiodla-sie\/\",\"name\":\"Transakcja nie powiod\u0142a si\u0119 - La Playa Paradise\",\"isPartOf\":{\"@id\":\"https:\/\/laplayaparadise.com\/#website\"},\"datePublished\":\"2022-05-29T11:52:31+00:00\",\"dateModified\":\"2022-05-29T11:52:31+00:00\",\"breadcrumb\":{\"@id\":\"https:\/\/laplayaparadise.com\/pl\/potwierdzenie-rejestracji\/transakcja-nie-powiodla-sie\/#breadcrumb\"},\"inLanguage\":\"pl-PL\",\"potentialAction\":[{\"@type\":\"ReadAction\",\"target\":[\"https:\/\/laplayaparadise.com\/pl\/potwierdzenie-rejestracji\/transakcja-nie-powiodla-sie\/\"]}]},{\"@type\":\"BreadcrumbList\",\"@id\":\"https:\/\/laplayaparadise.com\/pl\/potwierdzenie-rejestracji\/transakcja-nie-powiodla-sie\/#breadcrumb\",\"itemListElement\":[{\"@type\":\"ListItem\",\"position\":1,\"name\":\"Strona g\u0142\u00f3wna\",\"item\":\"https:\/\/laplayaparadise.com\/pl\/\"},{\"@type\":\"ListItem\",\"position\":2,\"name\":\"Potwierdzenie rejestracji\",\"item\":\"https:\/\/laplayaparadise.com\/pl\/registration-confirmation\/\"},{\"@type\":\"ListItem\",\"position\":3,\"name\":\"Transakcja nie powiod\u0142a si\u0119\"}]}]}<\/script>\n<!-- \/ Yoast SEO plugin. -->","yoast_head_json":{"title":"Transakcja nie powiod\u0142a si\u0119 - La Playa Paradise","robots":{"index":"index","follow":"follow","max-snippet":"max-snippet:-1","max-image-preview":"max-image-preview:large","max-video-preview":"max-video-preview:-1"},"canonical":"https:\/\/laplayaparadise.com\/pl\/potwierdzenie-rejestracji\/transakcja-nie-powiodla-sie\/","og_locale":"pl_PL","og_type":"article","og_title":"Transakcja nie powiod\u0142a si\u0119 - La Playa Paradise","og_description":"Niestety, w tej chwili nie mo\u017cna zako\u0144czy\u0107 transakcji. Spr\u00f3buj ponownie lub skontaktuj si\u0119 z nami.","og_url":"https:\/\/laplayaparadise.com\/pl\/potwierdzenie-rejestracji\/transakcja-nie-powiodla-sie\/","og_site_name":"La Playa Paradise","twitter_card":"summary_large_image","schema":{"@context":"https:\/\/schema.org","@graph":[{"@type":"WebSite","@id":"https:\/\/laplayaparadise.com\/#website","url":"https:\/\/laplayaparadise.com\/","name":"La Playa Paradise","description":"Zanzibar Hotel","potentialAction":[{"@type":"SearchAction","target":{"@type":"EntryPoint","urlTemplate":"https:\/\/laplayaparadise.com\/?s={search_term_string}"},"query-input":"required name=search_term_string"}],"inLanguage":"pl-PL"},{"@type":"WebPage","@id":"https:\/\/laplayaparadise.com\/pl\/potwierdzenie-rejestracji\/transakcja-nie-powiodla-sie\/#webpage","url":"https:\/\/laplayaparadise.com\/pl\/potwierdzenie-rejestracji\/transakcja-nie-powiodla-sie\/","name":"Transakcja nie powiod\u0142a si\u0119 - La Playa Paradise","isPartOf":{"@id":"https:\/\/laplayaparadise.com\/#website"},"datePublished":"2022-05-29T11:52:31+00:00","dateModified":"2022-05-29T11:52:31+00:00","breadcrumb":{"@id":"https:\/\/laplayaparadise.com\/pl\/potwierdzenie-rejestracji\/transakcja-nie-powiodla-sie\/#breadcrumb"},"inLanguage":"pl-PL","potentialAction":[{"@type":"ReadAction","target":["https:\/\/laplayaparadise.com\/pl\/potwierdzenie-rejestracji\/transakcja-nie-powiodla-sie\/"]}]},{"@type":"BreadcrumbList","@id":"https:\/\/laplayaparadise.com\/pl\/potwierdzenie-rejestracji\/transakcja-nie-powiodla-sie\/#breadcrumb","itemListElement":[{"@type":"ListItem","position":1,"name":"Strona g\u0142\u00f3wna","item":"https:\/\/laplayaparadise.com\/pl\/"},{"@type":"ListItem","position":2,"name":"Potwierdzenie rejestracji","item":"https:\/\/laplayaparadise.com\/pl\/registration-confirmation\/"},{"@type":"ListItem","position":3,"name":"Transakcja nie powiod\u0142a si\u0119"}]}]}},"_links":{"self":[{"href":"https:\/\/laplayaparadise.com\/pl\/wp-json\/wp\/v2\/pages\/335","targetHints":{"allow":["GET"]}}],"collection":[{"href":"https:\/\/laplayaparadise.com\/pl\/wp-json\/wp\/v2\/pages"}],"about":[{"href":"https:\/\/laplayaparadise.com\/pl\/wp-json\/wp\/v2\/types\/page"}],"author":[{"embeddable":true,"href":"https:\/\/laplayaparadise.com\/pl\/wp-json\/wp\/v2\/users\/1"}],"replies":[{"embeddable":true,"href":"https:\/\/laplayaparadise.com\/pl\/wp-json\/wp\/v2\/comments?post=335"}],"version-history":[{"count":0,"href":"https:\/\/laplayaparadise.com\/pl\/wp-json\/wp\/v2\/pages\/335\/revisions"}],"up":[{"embeddable":true,"href":"https:\/\/laplayaparadise.com\/pl\/wp-json\/wp\/v2\/pages\/331"}],"wp:attachment":[{"href":"https:\/\/laplayaparadise.com\/pl\/wp-json\/wp\/v2\/media?parent=335"}],"curies":[{"name":"wp","href":"https:\/\/api.w.org\/{rel}","templated":true}]}}