{"id":4496,"date":"2022-09-21T17:43:16","date_gmt":"2022-09-21T15:43:16","guid":{"rendered":"https:\/\/laplayaparadise.com\/warunki-korzystania-z-uslug\/"},"modified":"2022-09-29T13:43:29","modified_gmt":"2022-09-29T11:43:29","slug":"warunki-korzystania-z-uslug","status":"publish","type":"page","link":"https:\/\/laplayaparadise.com\/pl\/warunki-korzystania-z-uslug\/","title":{"rendered":"Warunki korzystania z us\u0142ug"},"content":{"rendered":"\t\t<div data-elementor-type=\"wp-page\" data-elementor-id=\"4496\" class=\"elementor elementor-4496 elementor-4298\">\n\t\t\t\t\t\t\t\t\t<section class=\"elementor-section elementor-top-section elementor-element elementor-element-68fcb01 elementor-section-height-min-height elementor-section-boxed elementor-section-height-default elementor-section-items-middle\" data-id=\"68fcb01\" data-element_type=\"section\" data-settings=\"{&quot;background_background&quot;:&quot;classic&quot;}\">\n\t\t\t\t\t\t\t<div class=\"elementor-background-overlay\"><\/div>\n\t\t\t\t\t\t\t<div class=\"elementor-container elementor-column-gap-default\">\n\t\t\t\t\t<div class=\"elementor-column elementor-col-100 elementor-top-column elementor-element elementor-element-79aa8fc\" data-id=\"79aa8fc\" data-element_type=\"column\">\n\t\t\t<div class=\"elementor-widget-wrap elementor-element-populated\">\n\t\t\t\t\t\t\t\t<div class=\"elementor-element elementor-element-f33bc73 elementor-widget elementor-widget-heading\" data-id=\"f33bc73\" data-element_type=\"widget\" data-widget_type=\"heading.default\">\n\t\t\t\t<div class=\"elementor-widget-container\">\n\t\t\t<style>\/*! elementor - v3.7.0 - 08-08-2022 *\/\n.elementor-heading-title{padding:0;margin:0;line-height:1}.elementor-widget-heading .elementor-heading-title[class*=elementor-size-]>a{color:inherit;font-size:inherit;line-height:inherit}.elementor-widget-heading .elementor-heading-title.elementor-size-small{font-size:15px}.elementor-widget-heading .elementor-heading-title.elementor-size-medium{font-size:19px}.elementor-widget-heading .elementor-heading-title.elementor-size-large{font-size:29px}.elementor-widget-heading .elementor-heading-title.elementor-size-xl{font-size:39px}.elementor-widget-heading .elementor-heading-title.elementor-size-xxl{font-size:59px}<\/style><h1 class=\"elementor-heading-title elementor-size-default\">Warunki korzystania z us\u0142ug<\/h1>\t\t<\/div>\n\t\t\t\t<\/div>\n\t\t\t\t<div class=\"elementor-element elementor-element-c53b1c4 elementor-widget-divider--view-line elementor-invisible elementor-widget elementor-widget-divider\" data-id=\"c53b1c4\" data-element_type=\"widget\" data-settings=\"{&quot;_animation&quot;:&quot;fadeIn&quot;,&quot;_animation_delay&quot;:200}\" data-widget_type=\"divider.default\">\n\t\t\t\t<div class=\"elementor-widget-container\">\n\t\t\t<style>\/*! elementor - v3.7.0 - 08-08-2022 *\/\n.elementor-widget-divider{--divider-border-style:none;--divider-border-width:1px;--divider-color:#2c2c2c;--divider-icon-size:20px;--divider-element-spacing:10px;--divider-pattern-height:24px;--divider-pattern-size:20px;--divider-pattern-url:none;--divider-pattern-repeat:repeat-x}.elementor-widget-divider .elementor-divider{display:-webkit-box;display:-ms-flexbox;display:flex}.elementor-widget-divider .elementor-divider__text{font-size:15px;line-height:1;max-width:95%}.elementor-widget-divider .elementor-divider__element{margin:0 var(--divider-element-spacing);-ms-flex-negative:0;flex-shrink:0}.elementor-widget-divider .elementor-icon{font-size:var(--divider-icon-size)}.elementor-widget-divider .elementor-divider-separator{display:-webkit-box;display:-ms-flexbox;display:flex;margin:0;direction:ltr}.elementor-widget-divider--view-line_icon .elementor-divider-separator,.elementor-widget-divider--view-line_text .elementor-divider-separator{-webkit-box-align:center;-ms-flex-align:center;align-items:center}.elementor-widget-divider--view-line_icon .elementor-divider-separator:after,.elementor-widget-divider--view-line_icon .elementor-divider-separator:before,.elementor-widget-divider--view-line_text .elementor-divider-separator:after,.elementor-widget-divider--view-line_text .elementor-divider-separator:before{display:block;content:\"\";border-bottom:0;-webkit-box-flex:1;-ms-flex-positive:1;flex-grow:1;border-top:var(--divider-border-width) var(--divider-border-style) var(--divider-color)}.elementor-widget-divider--element-align-left .elementor-divider .elementor-divider-separator>.elementor-divider__svg:first-of-type{-webkit-box-flex:0;-ms-flex-positive:0;flex-grow:0;-ms-flex-negative:100;flex-shrink:100}.elementor-widget-divider--element-align-left .elementor-divider-separator:before{content:none}.elementor-widget-divider--element-align-left .elementor-divider__element{margin-left:0}.elementor-widget-divider--element-align-right .elementor-divider .elementor-divider-separator>.elementor-divider__svg:last-of-type{-webkit-box-flex:0;-ms-flex-positive:0;flex-grow:0;-ms-flex-negative:100;flex-shrink:100}.elementor-widget-divider--element-align-right .elementor-divider-separator:after{content:none}.elementor-widget-divider--element-align-right .elementor-divider__element{margin-right:0}.elementor-widget-divider:not(.elementor-widget-divider--view-line_text):not(.elementor-widget-divider--view-line_icon) .elementor-divider-separator{border-top:var(--divider-border-width) var(--divider-border-style) var(--divider-color)}.elementor-widget-divider--separator-type-pattern{--divider-border-style:none}.elementor-widget-divider--separator-type-pattern.elementor-widget-divider--view-line .elementor-divider-separator,.elementor-widget-divider--separator-type-pattern:not(.elementor-widget-divider--view-line) .elementor-divider-separator:after,.elementor-widget-divider--separator-type-pattern:not(.elementor-widget-divider--view-line) .elementor-divider-separator:before,.elementor-widget-divider--separator-type-pattern:not([class*=elementor-widget-divider--view]) .elementor-divider-separator{width:100%;min-height:var(--divider-pattern-height);-webkit-mask-size:var(--divider-pattern-size) 100%;mask-size:var(--divider-pattern-size) 100%;-webkit-mask-repeat:var(--divider-pattern-repeat);mask-repeat:var(--divider-pattern-repeat);background-color:var(--divider-color);-webkit-mask-image:var(--divider-pattern-url);mask-image:var(--divider-pattern-url)}.elementor-widget-divider--no-spacing{--divider-pattern-size:auto}.elementor-widget-divider--bg-round{--divider-pattern-repeat:round}.rtl .elementor-widget-divider .elementor-divider__text{direction:rtl}.e-container>.elementor-widget-divider{width:var(--container-widget-width,100%);-webkit-box-flex:1;-ms-flex-positive:1;flex-grow:1}<\/style>\t\t<div class=\"elementor-divider\">\n\t\t\t<span class=\"elementor-divider-separator\">\n\t\t\t\t\t\t<\/span>\n\t\t<\/div>\n\t\t\t\t<\/div>\n\t\t\t\t<\/div>\n\t\t\t\t\t<\/div>\n\t\t<\/div>\n\t\t\t\t\t\t\t<\/div>\n\t\t<\/section>\n\t\t\t\t<section class=\"elementor-section elementor-top-section elementor-element elementor-element-a11e8f9 elementor-section-boxed elementor-section-height-default elementor-section-height-default\" data-id=\"a11e8f9\" data-element_type=\"section\">\n\t\t\t\t\t\t<div class=\"elementor-container elementor-column-gap-default\">\n\t\t\t\t\t<div class=\"elementor-column elementor-col-100 elementor-top-column elementor-element elementor-element-474dde9\" data-id=\"474dde9\" data-element_type=\"column\">\n\t\t\t<div class=\"elementor-widget-wrap elementor-element-populated\">\n\t\t\t\t\t\t\t\t<div class=\"elementor-element elementor-element-38826b5 elementor-widget elementor-widget-text-editor\" data-id=\"38826b5\" data-element_type=\"widget\" data-widget_type=\"text-editor.default\">\n\t\t\t\t<div class=\"elementor-widget-container\">\n\t\t\t<style>\/*! elementor - v3.7.0 - 08-08-2022 *\/\n.elementor-widget-text-editor.elementor-drop-cap-view-stacked .elementor-drop-cap{background-color:#818a91;color:#fff}.elementor-widget-text-editor.elementor-drop-cap-view-framed .elementor-drop-cap{color:#818a91;border:3px solid;background-color:transparent}.elementor-widget-text-editor:not(.elementor-drop-cap-view-default) .elementor-drop-cap{margin-top:8px}.elementor-widget-text-editor:not(.elementor-drop-cap-view-default) .elementor-drop-cap-letter{width:1em;height:1em}.elementor-widget-text-editor .elementor-drop-cap{float:left;text-align:center;line-height:1;font-size:50px}.elementor-widget-text-editor .elementor-drop-cap-letter{display:inline-block}<\/style>\t\t\t\t<p><strong>SPIS TRE\u015aCI<br><br> 1<\/strong>. Przepisy og\u00f3lne<br>2. Definicje<br>3. Rodzaj i zakres us\u0142ug elektronicznych<br>4. Regulamin \u015bwiadczenia i zawierania um\u00f3w o \u015bwiadczenie us\u0142ug drog\u0105 elektroniczn\u0105<br>5. Warunki rozwi\u0105zywania um\u00f3w o \u015bwiadczenie us\u0142ug drog\u0105 elektroniczn\u0105<br>6 Tryb post\u0119powania reklamacyjnego<br>7. W\u0142asno\u015b\u0107 intelektualna<br>8. Przepisy ko\u0144cowe<\/p>\t\t\t\t\t\t<\/div>\n\t\t\t\t<\/div>\n\t\t\t\t<div class=\"elementor-element elementor-element-00ea2f9 elementor-widget elementor-widget-text-editor\" data-id=\"00ea2f9\" data-element_type=\"widget\" data-widget_type=\"text-editor.default\">\n\t\t\t\t<div class=\"elementor-widget-container\">\n\t\t\t\t\t\t\t<p><strong>Warunki \u015bwiadczenia us\u0142ug<\/strong><\/p><p><strong>1. PRZEPISY OG\u00d3LNE<\/strong><\/p><p>(1) Serwis laplayaparadise.com dzia\u0142a na zasadach okre\u015blonych w niniejszym Regulaminie.<br>(2) Regulamin okre\u015bla rodzaje i zakres us\u0142ug \u015bwiadczonych drog\u0105 elektroniczn\u0105 przez Serwis laplayaparadise.com, zasady \u015bwiadczenia tych us\u0142ug, warunki zawierania i rozwi\u0105zywania um\u00f3w o \u015bwiadczenie us\u0142ug drog\u0105 elektroniczn\u0105, a tak\u017ce tryb post\u0119powania reklamacyjnego.<br>(3) Regulamin okre\u015bla rodzaje i zakres us\u0142ug \u015bwiadczonych drog\u0105 elektroniczn\u0105 przez Serwis laplayaparadise.com, zasady \u015bwiadczenia tych us\u0142ug, warunki zawierania i rozwi\u0105zywania um\u00f3w o \u015bwiadczenie us\u0142ug drog\u0105 elektroniczn\u0105, a tak\u017ce tryb post\u0119powania reklamacyjnego.<br>(4) Ka\u017cdy Us\u0142ugobiorca z chwil\u0105 podj\u0119cia czynno\u015bci zmierzaj\u0105cych do korzystania z Us\u0142ug Elektronicznych Serwisu laplayaparadise.com, zobowi\u0105zany jest do przestrzegania postanowie\u0144 niniejszego Regulaminu.<br>(5) W sprawach nieuregulowanych niniejszym regulaminem stosuje si\u0119 przepisy<br>1. ustawa z dnia 18 lipca 2002 r. o \u015bwiadczeniu us\u0142ug drog\u0105 elektroniczn\u0105 (Dz.U. Nr 144, poz. 1204 ze zm.),<br>2. ustawa z dnia 30 maja 2014 r. o prawach konsumenta. (Dz. U. z 2014 r. poz. 827),<br>3. ustawa z dnia 23 kwietnia 1964 r. Kodeks cywilny (Dz.U. Nr 16, poz. 93 z p\u00f3\u017an. zm.) oraz inne w\u0142a\u015bciwe przepisy prawa polskiego.<\/p><p><strong>2. DEFINICJE<\/strong><\/p><p>1) FORMULARZ KONTAKTOWY &#8211; formularz dost\u0119pny w Serwisie www.laplayaparadise.com umo\u017cliwiaj\u0105cy Us\u0142ugobiorcy bezpo\u015bredni kontakt z Us\u0142ugodawc\u0105.<br>2. WARUNKI &#8211; niniejsze warunki korzystania z Serwisu.<br>3. US\u0141UGODAWCA &#8211; Ramadhan Ahmed Joseph prowadz\u0105cy dzia\u0142alno\u015b\u0107 gospodarcz\u0105 pod nazw\u0105 La Playa Paradise, adres siedziby: Zanzibar North, Pwani Mchangani, Tanzania, adres do dor\u0119cze\u0144: Zanzibar North, Pwani Mchangani, Tanzania, wpisany do Centralnej Rejestracji i Informacji w Tanzanii, adres poczty elektronicznej: admin@laplayaparadise.com, tel. +255 777 603 220<br>4. US\u0141UGOBIORCA &#8211; osoba fizyczna, osoba prawna lub jednostka organizacyjna nieposiadaj\u0105ca osobowo\u015bci prawnej, kt\u00f3rej ustawa przyznaje zdolno\u015b\u0107 prawn\u0105, korzystaj\u0105ca z Us\u0142ugi Elektronicznej.<br>5. US\u0141UGA ELEKTRONICZNA &#8211; us\u0142uga \u015bwiadczona drog\u0105 elektroniczn\u0105 przez Us\u0142ugodawc\u0119 na rzecz Us\u0142ugobiorcy za po\u015brednictwem Serwisu.<\/p><p><strong>2. RODZAJ I ZAKRES US\u0141UG ELEKTRONICZNYCH<\/strong><\/p><p>1. Us\u0142ugodawca umo\u017cliwia za po\u015brednictwem Serwisu korzystanie z Us\u0142ug Elektronicznych takich jak:<br>1. korzystanie z Formularza Kontaktowego,<br>2. \u015bwiadczenie Us\u0142ug Elektronicznych na rzecz Us\u0142ugobiorc\u00f3w odbywa si\u0119 na warunkach okre\u015blonych w Regulaminie.<\/p><p><strong>3. REGULAMIN \u015aWIADCZENIA I ZAWIERANIA UM\u00d3W O \u015aWIADCZENIE US\u0141UG DROG\u0104 ELEKTRONICZN\u0104<\/strong><\/p><p>(1) \u015awiadczenie Us\u0142ug Elektronicznych okre\u015blonych w Rozdziale III, poz. 1 Regulaminu przez Us\u0142ugodawc\u0119 jest bezp\u0142atny.<br>2) okres, na jaki zosta\u0142a zawarta umowa:<br>1. umowa o \u015bwiadczenie Us\u0142ug Elektronicznych polegaj\u0105cych na umo\u017cliwieniu wys\u0142ania wiadomo\u015bci za po\u015brednictwem Formularza Kontaktowego zawierana jest na czas okre\u015blony i ulega rozwi\u0105zaniu z chwil\u0105 wys\u0142ania wiadomo\u015bci lub zaprzestania jej wysy\u0142ania przez Us\u0142ugobiorc\u0119.<br>(3) Wymagania techniczne niezb\u0119dne do wsp\u00f3\u0142pracy z systemem teleinformatycznym wykorzystywanym przez Us\u0142ugodawc\u0119:<br>1. komputer z dost\u0119pem do Internetu,<br>2) dost\u0119p do poczty elektronicznej,<br>3. przegl\u0105darka internetowa,<br>4. w\u0142\u0105czenie plik\u00f3w Cookies i Javascript do przegl\u0105darki internetowej.<br>4. Us\u0142ugobiorca zobowi\u0105zany jest do korzystania z Serwisu w spos\u00f3b zgodny z prawem i dobrymi obyczajami, z uwzgl\u0119dnieniem poszanowania d\u00f3br osobistych oraz praw w\u0142asno\u015bci intelektualnej os\u00f3b trzecich.<br>5. odbiorca zobowi\u0105zany jest do wprowadzenia danych zgodnych ze stanem faktycznym.<br>(6) Zabrania si\u0119 dostarczania przez Us\u0142ugobiorc\u0119 tre\u015bci o charakterze bezprawnym.<\/p><p><strong>4. PROCEDURA SK\u0141ADANIA SKARG<\/strong><\/p><p>Reklamacje zwi\u0105zane ze \u015bwiadczeniem Us\u0142ug Elektronicznych przez Us\u0142ugodawc\u0119:<br>(1) Reklamacje zwi\u0105zane ze \u015bwiadczeniem Us\u0142ug Elektronicznych za po\u015brednictwem Serwisu, Us\u0142ugobiorca mo\u017ce sk\u0142ada\u0107 za po\u015brednictwem poczty elektronicznej na adres: admin@laplayaparadise.com.<br>(2) W powy\u017cszym e-mailu nale\u017cy poda\u0107 jak najwi\u0119cej informacji i okoliczno\u015bci dotycz\u0105cych przedmiotu reklamacji, w szczeg\u00f3lno\u015bci rodzaj i dat\u0119 wyst\u0105pienia nieprawid\u0142owo\u015bci oraz dane kontaktowe. Podane informacje znacznie u\u0142atwi\u0105 i przyspiesz\u0105 rozpatrzenie reklamacji przez Us\u0142ugodawc\u0119.<br>(3) Rozpatrzenie reklamacji przez Us\u0142ugodawc\u0119 nast\u0119puje niezw\u0142ocznie, nie p\u00f3\u017aniej ni\u017c w terminie 14 dni.<br>(4) Odpowied\u017a Us\u0142ugodawcy na reklamacj\u0119 zostanie wys\u0142ana na adres e-mail Us\u0142ugobiorcy podany w zg\u0142oszeniu reklamacyjnym lub w inny spos\u00f3b podany przez Us\u0142ugobiorc\u0119.<\/p><p><strong>5. W\u0141ASNO\u015a\u0106 INTELEKTUALNA<\/strong><\/p><p>(1) Wszystkie tre\u015bci zamieszczone na stronie internetowej pod adresem laplayaparadise.com korzystaj\u0105 z ochrony praw autorskich i s\u0105 w\u0142asno\u015bci\u0105 www.laplayaparadise.com Us\u0142ugobiorca ponosi pe\u0142n\u0105 odpowiedzialno\u015b\u0107 za szkod\u0119 wyrz\u0105dzon\u0105 Us\u0142ugodawcy, b\u0119d\u0105c\u0105 nast\u0119pstwem u\u017cycia jakiejkolwiek zawarto\u015bci strony www.snieznik.eu, bez zgody Us\u0142ugodawcy.<\/p><p>(2) Jakiekolwiek wykorzystanie przez kogokolwiek, bez wyra\u017anej pisemnej zgody Us\u0142ugodawcy, kt\u00f3regokolwiek z element\u00f3w sk\u0142adaj\u0105cych si\u0119 na tre\u015b\u0107 oraz zawarto\u015b\u0107 strony www.snieznik.eu stanowi naruszenie prawa autorskiego przys\u0142uguj\u0105cego Us\u0142ugodawcy i skutkuje odpowiedzialno\u015bci\u0105 cywilnoprawn\u0105 oraz karn\u0105.<\/p><p><strong>6. PRZEPISY KO\u0143COWE<\/strong><\/p><p>(1) Umowy zawierane za po\u015brednictwem Strony zawierane s\u0105 zgodnie z prawem polskim.<\/p><p>(2) Je\u017celi jakakolwiek cz\u0119\u015b\u0107 Warunk\u00f3w jest niezgodna z obowi\u0105zuj\u0105cym prawem, w miejsce zakwestionowanego przepisu stosuje si\u0119 odpowiednie przepisy prawa polskiego.<\/p>\t\t\t\t\t\t<\/div>\n\t\t\t\t<\/div>\n\t\t\t\t\t<\/div>\n\t\t<\/div>\n\t\t\t\t\t\t\t<\/div>\n\t\t<\/section>\n\t\t\t\t\t\t\t<\/div>\n\t\t","protected":false},"excerpt":{"rendered":"<p>Warunki korzystania z us\u0142ug SPIS TRE\u015aCI 1. Przepisy og\u00f3lne2. Definicje3. Rodzaj i zakres us\u0142ug elektronicznych4. Regulamin \u015bwiadczenia i zawierania um\u00f3w o \u015bwiadczenie us\u0142ug drog\u0105 elektroniczn\u01055. Warunki rozwi\u0105zywania um\u00f3w o \u015bwiadczenie us\u0142ug drog\u0105 elektroniczn\u01056 Tryb post\u0119powania reklamacyjnego7. W\u0142asno\u015b\u0107 intelektualna8. Przepisy ko\u0144cowe Warunki \u015bwiadczenia us\u0142ug 1. PRZEPISY OG\u00d3LNE (1) Serwis laplayaparadise.com dzia\u0142a na zasadach okre\u015blonych w niniejszym [&hellip;]<\/p>\n","protected":false},"author":1,"featured_media":0,"parent":0,"menu_order":0,"comment_status":"closed","ping_status":"closed","template":"","meta":{"footnotes":""},"class_list":["post-4496","page","type-page","status-publish","hentry","entry"],"yoast_head":"<!-- This site is optimized with the Yoast SEO plugin v19.1 - https:\/\/yoast.com\/wordpress\/plugins\/seo\/ -->\n<title>Warunki korzystania z us\u0142ug - La Playa Paradise<\/title>\n<meta name=\"robots\" content=\"index, follow, max-snippet:-1, max-image-preview:large, max-video-preview:-1\" \/>\n<link rel=\"canonical\" href=\"https:\/\/laplayaparadise.com\/pl\/warunki-korzystania-z-uslug\/\" \/>\n<meta property=\"og:locale\" content=\"pl_PL\" \/>\n<meta property=\"og:type\" content=\"article\" \/>\n<meta property=\"og:title\" content=\"Warunki korzystania z us\u0142ug - La Playa Paradise\" \/>\n<meta property=\"og:description\" content=\"Warunki korzystania z us\u0142ug SPIS TRE\u015aCI 1. Przepisy og\u00f3lne2. Definicje3. Rodzaj i zakres us\u0142ug elektronicznych4. Regulamin \u015bwiadczenia i zawierania um\u00f3w o \u015bwiadczenie us\u0142ug drog\u0105 elektroniczn\u01055. Warunki rozwi\u0105zywania um\u00f3w o \u015bwiadczenie us\u0142ug drog\u0105 elektroniczn\u01056 Tryb post\u0119powania reklamacyjnego7. W\u0142asno\u015b\u0107 intelektualna8. Przepisy ko\u0144cowe Warunki \u015bwiadczenia us\u0142ug 1. PRZEPISY OG\u00d3LNE (1) Serwis laplayaparadise.com dzia\u0142a na zasadach okre\u015blonych w niniejszym [&hellip;]\" \/>\n<meta property=\"og:url\" content=\"https:\/\/laplayaparadise.com\/pl\/warunki-korzystania-z-uslug\/\" \/>\n<meta property=\"og:site_name\" content=\"La Playa Paradise\" \/>\n<meta property=\"article:modified_time\" content=\"2022-09-29T11:43:29+00:00\" \/>\n<meta name=\"twitter:card\" content=\"summary_large_image\" \/>\n<meta name=\"twitter:label1\" content=\"Szacowany czas czytania\" \/>\n\t<meta name=\"twitter:data1\" content=\"4 minuty\" \/>\n<script type=\"application\/ld+json\" class=\"yoast-schema-graph\">{\"@context\":\"https:\/\/schema.org\",\"@graph\":[{\"@type\":\"WebSite\",\"@id\":\"https:\/\/laplayaparadise.com\/#website\",\"url\":\"https:\/\/laplayaparadise.com\/\",\"name\":\"La Playa Paradise\",\"description\":\"Zanzibar Hotel\",\"potentialAction\":[{\"@type\":\"SearchAction\",\"target\":{\"@type\":\"EntryPoint\",\"urlTemplate\":\"https:\/\/laplayaparadise.com\/?s={search_term_string}\"},\"query-input\":\"required name=search_term_string\"}],\"inLanguage\":\"pl-PL\"},{\"@type\":\"WebPage\",\"@id\":\"https:\/\/laplayaparadise.com\/pl\/warunki-korzystania-z-uslug\/#webpage\",\"url\":\"https:\/\/laplayaparadise.com\/pl\/warunki-korzystania-z-uslug\/\",\"name\":\"Warunki korzystania z us\u0142ug - La Playa Paradise\",\"isPartOf\":{\"@id\":\"https:\/\/laplayaparadise.com\/#website\"},\"datePublished\":\"2022-09-21T15:43:16+00:00\",\"dateModified\":\"2022-09-29T11:43:29+00:00\",\"breadcrumb\":{\"@id\":\"https:\/\/laplayaparadise.com\/pl\/warunki-korzystania-z-uslug\/#breadcrumb\"},\"inLanguage\":\"pl-PL\",\"potentialAction\":[{\"@type\":\"ReadAction\",\"target\":[\"https:\/\/laplayaparadise.com\/pl\/warunki-korzystania-z-uslug\/\"]}]},{\"@type\":\"BreadcrumbList\",\"@id\":\"https:\/\/laplayaparadise.com\/pl\/warunki-korzystania-z-uslug\/#breadcrumb\",\"itemListElement\":[{\"@type\":\"ListItem\",\"position\":1,\"name\":\"Strona g\u0142\u00f3wna\",\"item\":\"https:\/\/laplayaparadise.com\/pl\/\"},{\"@type\":\"ListItem\",\"position\":2,\"name\":\"Warunki korzystania z us\u0142ug\"}]}]}<\/script>\n<!-- \/ Yoast SEO plugin. -->","yoast_head_json":{"title":"Warunki korzystania z us\u0142ug - La Playa Paradise","robots":{"index":"index","follow":"follow","max-snippet":"max-snippet:-1","max-image-preview":"max-image-preview:large","max-video-preview":"max-video-preview:-1"},"canonical":"https:\/\/laplayaparadise.com\/pl\/warunki-korzystania-z-uslug\/","og_locale":"pl_PL","og_type":"article","og_title":"Warunki korzystania z us\u0142ug - La Playa Paradise","og_description":"Warunki korzystania z us\u0142ug SPIS TRE\u015aCI 1. Przepisy og\u00f3lne2. Definicje3. Rodzaj i zakres us\u0142ug elektronicznych4. Regulamin \u015bwiadczenia i zawierania um\u00f3w o \u015bwiadczenie us\u0142ug drog\u0105 elektroniczn\u01055. Warunki rozwi\u0105zywania um\u00f3w o \u015bwiadczenie us\u0142ug drog\u0105 elektroniczn\u01056 Tryb post\u0119powania reklamacyjnego7. W\u0142asno\u015b\u0107 intelektualna8. Przepisy ko\u0144cowe Warunki \u015bwiadczenia us\u0142ug 1. PRZEPISY OG\u00d3LNE (1) Serwis laplayaparadise.com dzia\u0142a na zasadach okre\u015blonych w niniejszym [&hellip;]","og_url":"https:\/\/laplayaparadise.com\/pl\/warunki-korzystania-z-uslug\/","og_site_name":"La Playa Paradise","article_modified_time":"2022-09-29T11:43:29+00:00","twitter_card":"summary_large_image","twitter_misc":{"Szacowany czas czytania":"4 minuty"},"schema":{"@context":"https:\/\/schema.org","@graph":[{"@type":"WebSite","@id":"https:\/\/laplayaparadise.com\/#website","url":"https:\/\/laplayaparadise.com\/","name":"La Playa Paradise","description":"Zanzibar Hotel","potentialAction":[{"@type":"SearchAction","target":{"@type":"EntryPoint","urlTemplate":"https:\/\/laplayaparadise.com\/?s={search_term_string}"},"query-input":"required name=search_term_string"}],"inLanguage":"pl-PL"},{"@type":"WebPage","@id":"https:\/\/laplayaparadise.com\/pl\/warunki-korzystania-z-uslug\/#webpage","url":"https:\/\/laplayaparadise.com\/pl\/warunki-korzystania-z-uslug\/","name":"Warunki korzystania z us\u0142ug - La Playa Paradise","isPartOf":{"@id":"https:\/\/laplayaparadise.com\/#website"},"datePublished":"2022-09-21T15:43:16+00:00","dateModified":"2022-09-29T11:43:29+00:00","breadcrumb":{"@id":"https:\/\/laplayaparadise.com\/pl\/warunki-korzystania-z-uslug\/#breadcrumb"},"inLanguage":"pl-PL","potentialAction":[{"@type":"ReadAction","target":["https:\/\/laplayaparadise.com\/pl\/warunki-korzystania-z-uslug\/"]}]},{"@type":"BreadcrumbList","@id":"https:\/\/laplayaparadise.com\/pl\/warunki-korzystania-z-uslug\/#breadcrumb","itemListElement":[{"@type":"ListItem","position":1,"name":"Strona g\u0142\u00f3wna","item":"https:\/\/laplayaparadise.com\/pl\/"},{"@type":"ListItem","position":2,"name":"Warunki korzystania z us\u0142ug"}]}]}},"_links":{"self":[{"href":"https:\/\/laplayaparadise.com\/pl\/wp-json\/wp\/v2\/pages\/4496","targetHints":{"allow":["GET"]}}],"collection":[{"href":"https:\/\/laplayaparadise.com\/pl\/wp-json\/wp\/v2\/pages"}],"about":[{"href":"https:\/\/laplayaparadise.com\/pl\/wp-json\/wp\/v2\/types\/page"}],"author":[{"embeddable":true,"href":"https:\/\/laplayaparadise.com\/pl\/wp-json\/wp\/v2\/users\/1"}],"replies":[{"embeddable":true,"href":"https:\/\/laplayaparadise.com\/pl\/wp-json\/wp\/v2\/comments?post=4496"}],"version-history":[{"count":1,"href":"https:\/\/laplayaparadise.com\/pl\/wp-json\/wp\/v2\/pages\/4496\/revisions"}],"predecessor-version":[{"id":4497,"href":"https:\/\/laplayaparadise.com\/pl\/wp-json\/wp\/v2\/pages\/4496\/revisions\/4497"}],"wp:attachment":[{"href":"https:\/\/laplayaparadise.com\/pl\/wp-json\/wp\/v2\/media?parent=4496"}],"curies":[{"name":"wp","href":"https:\/\/api.w.org\/{rel}","templated":true}]}}